{"id":430,"date":"2024-03-26T04:30:45","date_gmt":"2024-03-26T04:30:45","guid":{"rendered":"https:\/\/zsoltfischer.com\/real-estate-alerts\/"},"modified":"2024-04-15T14:31:55","modified_gmt":"2024-04-15T14:31:55","slug":"alertes-immobilieres","status":"publish","type":"page","link":"https:\/\/zsoltfischer.com\/fr\/alertes-immobilieres\/","title":{"rendered":"Alertes immobili\u00e8res"},"content":{"rendered":"<div id=\"multi-step-form\" class=\"fw-wizard\" data-stepCount=\"3\" data-wizardid=\"2\">\n    <div class=\"fw-wizard-step-header-container\">\n        <div class=\"fw-container\" data-redirect=\"\">\n                <div class=\"fw-wizard-step-header\" data-stepId=\"0\">\n            <span class=\"msf-h2\"><\/span>\n            <p class=\"fw-copytext\">Inscrivez-vous gratuitement \u00e0 l'alerte immobili\u00e8re et recevez toutes les nouveaut\u00e9s r\u00e9pondant \u00e0 vos crit\u00e8res d\u00e8s leur mise en ligne. Ne manquez aucune opportunit\u00e9!<\/p>\n        <\/div>\n                <div class=\"fw-wizard-step-header\" data-stepId=\"1\">\n            <span class=\"msf-h2\"><\/span>\n            <p class=\"fw-copytext\"><\/p>\n        <\/div>\n                <div class=\"fw-wizard-step-header\" data-stepId=\"2\">\n            <span class=\"msf-h2\"><\/span>\n            <p class=\"fw-copytext\"><\/p>\n        <\/div>\n                <\/div>\n    <\/div>\n    <div class=\"fw-progress-bar-container \">\n        <div class=\"fw-container\">\n    <div class=\"fw-progress-wrap\">\n    <ul class=\"fw-progress-bar\"\n        data-activecolor=\"#546e7a\"\n        data-donecolor=\"#4caf50\"\n        data-nextcolor=\"#aaa\"\n        data-buttoncolor=\"#546e7a\">\n                <li class=\"fw-progress-step\"\n            data-id=\"0\">\n            <span class=\"fw-progress-bar-bar\"><\/span>\n            <span class=\"fw-txt-ellipsis\" data-title=\"\u00c9tape 1\">\u00c9tape 1<\/span>\n                    <\/li>\n                    <li class=\"fw-progress-step\"\n            data-id=\"1\">\n            <span class=\"fw-progress-bar-bar\"><\/span>\n            <span class=\"fw-txt-ellipsis\" data-title=\"\u00c9tape 2\">\u00c9tape 2<\/span>\n                    <\/li>\n                    <li class=\"fw-progress-step\"\n            data-id=\"2\">\n            <span class=\"fw-progress-bar-bar\"><\/span>\n            <span class=\"fw-txt-ellipsis\" data-title=\"\u00c9tape 3\">\u00c9tape 3<\/span>\n                    <\/li>\n                <\/ul>\n<\/div>\n        <\/div>\n    <\/div>\n    <div class=\"fw-wizard-step-container\">\n        <div class=\"fw-container\">\n                    <div class=\"fw-wizard-step\" data-stepId=\"0\">\n                <div class=\"fw-step-part \" data-partId=\"0\">\n\t<span class=\"fw-step-part-title \">\n\t\t\t1\t<\/span>\n\t<div class=\"fw-clearfix\"><\/div>\n\t<div class=\"fw-step-part-body\">\n\t\t\t\t\t\t\t\t\t<div class=\"fw-step-block\" data-blockId=\"2\" data-type=\"fw-radio\" data-required=\"false\">\n\t\t\t\t\t\t\t\t<span class=\"msf-h3\">O\u00d9 D\u00c9SIREZ-VOUS ACHETER?<\/span>\n\t\t\t\t\t<br>\n\t\t\t\t\t\t\t\t\t\t<div class=\"fw-choice fw-input-container\" data-type=\"fw-checkbox\">\n\t\t\t\t\t\t<input id=\"fw-2-0-0-0-1\" type=\"checkbox\" class=\"fw-checkbox\" name=\"fw-2-0-0-0\" data-id=\"1\">\n\t\t\t\t\t\t<label for=\"fw-2-0-0-0-1\" data-labelId=\"1\">Montr\u00e9al<\/label>\n\t\t\t\t\t<\/div>\n\t\t\t\t\t\t\t\t\t\t<div class=\"fw-choice fw-input-container\" data-type=\"fw-checkbox\">\n\t\t\t\t\t\t<input id=\"fw-2-0-0-0-2\" type=\"checkbox\" class=\"fw-checkbox\" name=\"fw-2-0-0-0\" data-id=\"2\">\n\t\t\t\t\t\t<label for=\"fw-2-0-0-0-2\" data-labelId=\"2\">Westmount<\/label>\n\t\t\t\t\t<\/div>\n\t\t\t\t\t\t\t\t\t\t<div class=\"fw-choice fw-input-container\" data-type=\"fw-checkbox\">\n\t\t\t\t\t\t<input id=\"fw-2-0-0-0-3\" type=\"checkbox\" class=\"fw-checkbox\" name=\"fw-2-0-0-0\" data-id=\"3\">\n\t\t\t\t\t\t<label for=\"fw-2-0-0-0-3\" data-labelId=\"3\">Griffintown<\/label>\n\t\t\t\t\t<\/div>\n\t\t\t\t\t\t\t\t\t\t<div class=\"fw-choice fw-input-container\" data-type=\"fw-checkbox\">\n\t\t\t\t\t\t<input id=\"fw-2-0-0-0-4\" type=\"checkbox\" class=\"fw-checkbox\" name=\"fw-2-0-0-0\" data-id=\"4\">\n\t\t\t\t\t\t<label for=\"fw-2-0-0-0-4\" data-labelId=\"4\">Candiac<\/label>\n\t\t\t\t\t<\/div>\n\t\t\t\t\t\t\t\t\t\t<div class=\"fw-choice fw-input-container\" data-type=\"fw-checkbox\">\n\t\t\t\t\t\t<input id=\"fw-2-0-0-0-5\" type=\"checkbox\" class=\"fw-checkbox\" name=\"fw-2-0-0-0\" data-id=\"5\">\n\t\t\t\t\t\t<label for=\"fw-2-0-0-0-5\" data-labelId=\"5\">Brossard<\/label>\n\t\t\t\t\t<\/div>\n\t\t\t\t\t\t\t\t\t\t<div class=\"fw-choice fw-input-container\" data-type=\"fw-checkbox\">\n\t\t\t\t\t\t<input id=\"fw-2-0-0-0-6\" type=\"checkbox\" class=\"fw-checkbox\" name=\"fw-2-0-0-0\" data-id=\"6\">\n\t\t\t\t\t\t<label for=\"fw-2-0-0-0-6\" data-labelId=\"6\">Longueuil<\/label>\n\t\t\t\t\t<\/div>\n\t\t\t\t\t\t\t\t\t\t<div class=\"fw-choice fw-input-container\" data-type=\"fw-checkbox\">\n\t\t\t\t\t\t<input id=\"fw-2-0-0-0-7\" type=\"checkbox\" class=\"fw-checkbox\" name=\"fw-2-0-0-0\" data-id=\"7\">\n\t\t\t\t\t\t<label for=\"fw-2-0-0-0-7\" data-labelId=\"7\">Saint-Bruno-de-Montarville<\/label>\n\t\t\t\t\t<\/div>\n\t\t\t\t\t\t\t\t\t\t<div class=\"fw-choice fw-input-container\" data-type=\"fw-checkbox\">\n\t\t\t\t\t\t<input id=\"fw-2-0-0-0-8\" type=\"checkbox\" class=\"fw-checkbox\" name=\"fw-2-0-0-0\" data-id=\"8\">\n\t\t\t\t\t\t<label for=\"fw-2-0-0-0-8\" data-labelId=\"8\">Boucherville<\/label>\n\t\t\t\t\t<\/div>\n\t\t\t\t\t\t\t\t\t\t<div class=\"fw-choice fw-input-container\" data-type=\"fw-checkbox\">\n\t\t\t\t\t\t<input id=\"fw-2-0-0-0-9\" type=\"checkbox\" class=\"fw-checkbox\" name=\"fw-2-0-0-0\" data-id=\"9\">\n\t\t\t\t\t\t<label for=\"fw-2-0-0-0-9\" data-labelId=\"9\">Mont-Saint-Hilaire<\/label>\n\t\t\t\t\t<\/div>\n\t\t\t\t\t\t\t\t\t\t<div class=\"fw-choice fw-input-container\" data-type=\"fw-checkbox\">\n\t\t\t\t\t\t<input id=\"fw-2-0-0-0-10\" type=\"checkbox\" class=\"fw-checkbox\" name=\"fw-2-0-0-0\" data-id=\"10\">\n\t\t\t\t\t\t<label for=\"fw-2-0-0-0-10\" data-labelId=\"10\">Sainte-Julie<\/label>\n\t\t\t\t\t<\/div>\n\t\t\t\t\t\t\t\t\t\t<div class=\"fw-choice fw-input-container\" data-type=\"fw-checkbox\">\n\t\t\t\t\t\t<input id=\"fw-2-0-0-0-11\" type=\"checkbox\" class=\"fw-checkbox\" name=\"fw-2-0-0-0\" data-id=\"11\">\n\t\t\t\t\t\t<label for=\"fw-2-0-0-0-11\" data-labelId=\"11\">l\u2019Estrie<\/label>\n\t\t\t\t\t<\/div>\n\t\t\t\t\t\t\t\t\t\t<div class=\"fw-choice fw-input-container\" data-type=\"fw-checkbox\">\n\t\t\t\t\t\t<input id=\"fw-2-0-0-0-12\" type=\"checkbox\" class=\"fw-checkbox\" name=\"fw-2-0-0-0\" data-id=\"12\">\n\t\t\t\t\t\t<label for=\"fw-2-0-0-0-12\" data-labelId=\"12\">Repentigny<\/label>\n\t\t\t\t\t<\/div>\n\t\t\t\t\t\t\t\t\t\t<div class=\"fw-choice fw-input-container\" data-type=\"fw-checkbox\">\n\t\t\t\t\t\t<input id=\"fw-2-0-0-0-13\" type=\"checkbox\" class=\"fw-checkbox\" name=\"fw-2-0-0-0\" data-id=\"13\">\n\t\t\t\t\t\t<label for=\"fw-2-0-0-0-13\" data-labelId=\"13\">Mascouche<\/label>\n\t\t\t\t\t<\/div>\n\t\t\t\t\t\t\t\t\t\t<div class=\"fw-choice fw-input-container\" data-type=\"fw-checkbox\">\n\t\t\t\t\t\t<input id=\"fw-2-0-0-0-14\" type=\"checkbox\" class=\"fw-checkbox\" name=\"fw-2-0-0-0\" data-id=\"14\">\n\t\t\t\t\t\t<label for=\"fw-2-0-0-0-14\" data-labelId=\"14\">Laval<\/label>\n\t\t\t\t\t<\/div>\n\t\t\t\t\t\t\t\t\t\t<div class=\"fw-choice fw-input-container\" data-type=\"fw-checkbox\">\n\t\t\t\t\t\t<input id=\"fw-2-0-0-0-15\" type=\"checkbox\" class=\"fw-checkbox\" name=\"fw-2-0-0-0\" data-id=\"15\">\n\t\t\t\t\t\t<label for=\"fw-2-0-0-0-15\" data-labelId=\"15\">Terrebonne<\/label>\n\t\t\t\t\t<\/div>\n\t\t\t\t\t\t\t\t\t\t<div class=\"fw-choice fw-input-container\" data-type=\"fw-checkbox\">\n\t\t\t\t\t\t<input id=\"fw-2-0-0-0-16\" type=\"checkbox\" class=\"fw-checkbox\" name=\"fw-2-0-0-0\" data-id=\"16\">\n\t\t\t\t\t\t<label for=\"fw-2-0-0-0-16\" data-labelId=\"16\">Vaudreuil-Dorion.<\/label>\n\t\t\t\t\t<\/div>\n\t\t\t\t\t\t\t<\/div>\n\t\t\t\t\t\t\t\t\t\t\t<div class=\"fw-step-block\" data-blockId=\"2\" data-type=\"fw-textarea\" data-required=\"false\">\n\t\t\t<div class=\"fw-input-container\">\n\t\t\t\t<label for=\"msf-textarea-autre\"><span class=\"msf-h3\">Autre<\/span><\/label>\n\t\t\t\t<textarea \n\t\t\t\t\tclass=\"fw-textarea\"\n\t\t\t\t\tid=\"msf-textarea-autre\"\n\t\t\t\t\tdata-id=\"textarea\"><\/textarea>\n\t\t\t\t<span class=\"fa fa-pencil t-area form-control-feedback\" aria-hidden=\"true\"><\/span>\n\t\t\t<\/div>\n\t\t\t<div class=\"fw-clearfix\"><\/div>\n\t\t<\/div>\n\t\t\t\t\t\t<\/div>\n<\/div>\n\t\t\t                <div class=\"fw-clearfix\"><\/div>\n            <\/div>\n                        <div class=\"fw-wizard-step\" data-stepId=\"1\">\n                <div class=\"fw-step-part \" data-partId=\"0\">\n\t<span class=\"fw-step-part-title \">\n\t\t\t2\t<\/span>\n\t<div class=\"fw-clearfix\"><\/div>\n\t<div class=\"fw-step-part-body\">\n\t\t\t\t\t\t\t\t\t<div class=\"fw-step-block\" data-blockId=\"2\" data-type=\"fw-radio\" data-required=\"false\">\n\t\t\t\t\t\t\t\t<span class=\"msf-h3\">QUEL TYPE DE PROPRI\u00c9T\u00c9 RECHERCHEZ-VOUS?<\/span>\n\t\t\t\t\t<br>\n\t\t\t\t\t\t\t\t\t\t<div class=\"fw-choice fw-input-container\" data-type=\"fw-checkbox\">\n\t\t\t\t\t\t<input id=\"fw-2-1-0-0-1\" type=\"checkbox\" class=\"fw-checkbox\" name=\"fw-2-1-0-0\" data-id=\"1\">\n\t\t\t\t\t\t<label for=\"fw-2-1-0-0-1\" data-labelId=\"1\">Bungalow<\/label>\n\t\t\t\t\t<\/div>\n\t\t\t\t\t\t\t\t\t\t<div class=\"fw-choice fw-input-container\" data-type=\"fw-checkbox\">\n\t\t\t\t\t\t<input id=\"fw-2-1-0-0-2\" type=\"checkbox\" class=\"fw-checkbox\" name=\"fw-2-1-0-0\" data-id=\"2\">\n\t\t\t\t\t\t<label for=\"fw-2-1-0-0-2\" data-labelId=\"2\">Condo<\/label>\n\t\t\t\t\t<\/div>\n\t\t\t\t\t\t\t\t\t\t<div class=\"fw-choice fw-input-container\" data-type=\"fw-checkbox\">\n\t\t\t\t\t\t<input id=\"fw-2-1-0-0-3\" type=\"checkbox\" class=\"fw-checkbox\" name=\"fw-2-1-0-0\" data-id=\"3\">\n\t\t\t\t\t\t<label for=\"fw-2-1-0-0-3\" data-labelId=\"3\">Cottage<\/label>\n\t\t\t\t\t<\/div>\n\t\t\t\t\t\t\t\t\t\t<div class=\"fw-choice fw-input-container\" data-type=\"fw-checkbox\">\n\t\t\t\t\t\t<input id=\"fw-2-1-0-0-4\" type=\"checkbox\" class=\"fw-checkbox\" name=\"fw-2-1-0-0\" data-id=\"4\">\n\t\t\t\t\t\t<label for=\"fw-2-1-0-0-4\" data-labelId=\"4\">Duplex<\/label>\n\t\t\t\t\t<\/div>\n\t\t\t\t\t\t\t\t\t\t<div class=\"fw-choice fw-input-container\" data-type=\"fw-checkbox\">\n\t\t\t\t\t\t<input id=\"fw-2-1-0-0-5\" type=\"checkbox\" class=\"fw-checkbox\" name=\"fw-2-1-0-0\" data-id=\"5\">\n\t\t\t\t\t\t<label for=\"fw-2-1-0-0-5\" data-labelId=\"5\">Immeuble commercial<\/label>\n\t\t\t\t\t<\/div>\n\t\t\t\t\t\t\t\t\t\t<div class=\"fw-choice fw-input-container\" data-type=\"fw-checkbox\">\n\t\t\t\t\t\t<input id=\"fw-2-1-0-0-6\" type=\"checkbox\" class=\"fw-checkbox\" name=\"fw-2-1-0-0\" data-id=\"6\">\n\t\t\t\t\t\t<label for=\"fw-2-1-0-0-6\" data-labelId=\"6\">Quadruplex et plus<\/label>\n\t\t\t\t\t<\/div>\n\t\t\t\t\t\t\t\t\t\t<div class=\"fw-choice fw-input-container\" data-type=\"fw-checkbox\">\n\t\t\t\t\t\t<input id=\"fw-2-1-0-0-7\" type=\"checkbox\" class=\"fw-checkbox\" name=\"fw-2-1-0-0\" data-id=\"7\">\n\t\t\t\t\t\t<label for=\"fw-2-1-0-0-7\" data-labelId=\"7\">Terrain<\/label>\n\t\t\t\t\t<\/div>\n\t\t\t\t\t\t\t\t\t\t<div class=\"fw-choice fw-input-container\" data-type=\"fw-checkbox\">\n\t\t\t\t\t\t<input id=\"fw-2-1-0-0-8\" type=\"checkbox\" class=\"fw-checkbox\" name=\"fw-2-1-0-0\" data-id=\"8\">\n\t\t\t\t\t\t<label for=\"fw-2-1-0-0-8\" data-labelId=\"8\">Vente d'entreprise<\/label>\n\t\t\t\t\t<\/div>\n\t\t\t\t\t\t\t\t\t\t<div class=\"fw-choice fw-input-container\" data-type=\"fw-checkbox\">\n\t\t\t\t\t\t<input id=\"fw-2-1-0-0-9\" type=\"checkbox\" class=\"fw-checkbox\" name=\"fw-2-1-0-0\" data-id=\"9\">\n\t\t\t\t\t\t<label for=\"fw-2-1-0-0-9\" data-labelId=\"9\">Bungalow semi-d\u00e9tach\u00e9<\/label>\n\t\t\t\t\t<\/div>\n\t\t\t\t\t\t\t\t\t\t<div class=\"fw-choice fw-input-container\" data-type=\"fw-checkbox\">\n\t\t\t\t\t\t<input id=\"fw-2-1-0-0-10\" type=\"checkbox\" class=\"fw-checkbox\" name=\"fw-2-1-0-0\" data-id=\"10\">\n\t\t\t\t\t\t<label for=\"fw-2-1-0-0-10\" data-labelId=\"10\">Copropri\u00e9t\u00e9 indivis\u00e9e<\/label>\n\t\t\t\t\t<\/div>\n\t\t\t\t\t\t\t\t\t\t<div class=\"fw-choice fw-input-container\" data-type=\"fw-checkbox\">\n\t\t\t\t\t\t<input id=\"fw-2-1-0-0-11\" type=\"checkbox\" class=\"fw-checkbox\" name=\"fw-2-1-0-0\" data-id=\"11\">\n\t\t\t\t\t\t<label for=\"fw-2-1-0-0-11\" data-labelId=\"11\">Cottage semi-d\u00e9tach\u00e9<\/label>\n\t\t\t\t\t<\/div>\n\t\t\t\t\t\t\t\t\t\t<div class=\"fw-choice fw-input-container\" data-type=\"fw-checkbox\">\n\t\t\t\t\t\t<input id=\"fw-2-1-0-0-12\" type=\"checkbox\" class=\"fw-checkbox\" name=\"fw-2-1-0-0\" data-id=\"12\">\n\t\t\t\t\t\t<label for=\"fw-2-1-0-0-12\" data-labelId=\"12\">Immeuble \u00e0 revenus<\/label>\n\t\t\t\t\t<\/div>\n\t\t\t\t\t\t\t\t\t\t<div class=\"fw-choice fw-input-container\" data-type=\"fw-checkbox\">\n\t\t\t\t\t\t<input id=\"fw-2-1-0-0-13\" type=\"checkbox\" class=\"fw-checkbox\" name=\"fw-2-1-0-0\" data-id=\"13\">\n\t\t\t\t\t\t<label for=\"fw-2-1-0-0-13\" data-labelId=\"13\">Maison de ville<\/label>\n\t\t\t\t\t<\/div>\n\t\t\t\t\t\t\t\t\t\t<div class=\"fw-choice fw-input-container\" data-type=\"fw-checkbox\">\n\t\t\t\t\t\t<input id=\"fw-2-1-0-0-14\" type=\"checkbox\" class=\"fw-checkbox\" name=\"fw-2-1-0-0\" data-id=\"14\">\n\t\t\t\t\t\t<label for=\"fw-2-1-0-0-14\" data-labelId=\"14\">Paliers multiples<\/label>\n\t\t\t\t\t<\/div>\n\t\t\t\t\t\t\t\t\t\t<div class=\"fw-choice fw-input-container\" data-type=\"fw-checkbox\">\n\t\t\t\t\t\t<input id=\"fw-2-1-0-0-15\" type=\"checkbox\" class=\"fw-checkbox\" name=\"fw-2-1-0-0\" data-id=\"15\">\n\t\t\t\t\t\t<label for=\"fw-2-1-0-0-15\" data-labelId=\"15\">Triplex<\/label>\n\t\t\t\t\t<\/div>\n\t\t\t\t\t\t\t<\/div>\n\t\t\t\t\t\t\t\t\t\t\t<div class=\"fw-step-block\" data-blockId=\"2\" data-type=\"fw-textarea\" data-required=\"false\">\n\t\t\t<div class=\"fw-input-container\">\n\t\t\t\t<label for=\"msf-textarea-autre\"><span class=\"msf-h3\">Autre<\/span><\/label>\n\t\t\t\t<textarea \n\t\t\t\t\tclass=\"fw-textarea\"\n\t\t\t\t\tid=\"msf-textarea-autre\"\n\t\t\t\t\tdata-id=\"textarea\"><\/textarea>\n\t\t\t\t<span class=\"fa fa-pencil t-area form-control-feedback\" aria-hidden=\"true\"><\/span>\n\t\t\t<\/div>\n\t\t\t<div class=\"fw-clearfix\"><\/div>\n\t\t<\/div>\n\t\t\t\t\t\t\t\t\t\t\t<div \n\t\t\tclass=\"fw-step-block\" \n\t\t\tdata-blockId=\"2\" \n\t\t\tdata-type=\"fw-numeric\" \n\t\t\tdata-required=\"false\" \n\t\t\tdata-min=\"0\"\t\t\t\t\t>\n\n\t\t\t<div class=\"fw-input-container\">\n\t\t\t\t<label for=\"msf-numeric-quel-est-votre-budget-approximatif?\"><span class=\"msf-h3\">QUEL EST VOTRE BUDGET APPROXIMATIF?<\/span><\/label>\n\t\t\t\t<input \n\t\t\t\t\ttype=\"text\" \n\t\t\t\t\tclass=\"fw-text-input\" \n\t\t\t\t\tdata-id=\"numeric\"\n\t\t\t\t\tid=\"msf-numeric-quel-est-votre-budget-approximatif?\"\n\t\t\t\t\tplaceholder=\"min. 0\"\n\t\t\t\t\tmin=\"0\"\t\t\t\t\t\t\t\t\t>\n\t\t\t\t<span class=\"fa fa-asterisk form-control-feedback\" aria-hidden=\"true\"><\/span>\n\t\t\t<\/div>\n\t\t\t<div class=\"fw-clearfix\"><\/div>\n\t\t<\/div>\n\t  \t\t\t\t<\/div>\n<\/div>\n\t\t\t                <div class=\"fw-clearfix\"><\/div>\n            <\/div>\n                        <div class=\"fw-wizard-step\" data-stepId=\"2\">\n                <div class=\"fw-step-part \" data-partId=\"0\">\n\t<span class=\"fw-step-part-title \">\n\t\t\t3\t<\/span>\n\t<div class=\"fw-clearfix\"><\/div>\n\t<div class=\"fw-step-part-body\">\n\t\t\t\t\t\t\t\t\t<div class=\"fw-step-block\" data-blockId=\"2\" data-type=\"fw-paragraph\">\n\t\t\t<div class=\"fw-paragraph-container\">\n\t\t\t\tDites-nous o\u00f9 vous envoyer les alertes\t\t\t<\/div>\n\t\t\t<div class=\"fw-clearfix\"><\/div>\n\t\t<\/div>\n\t\t\t\t\t\t\t\t\t\t\t<div class=\"fw-step-block\" data-blockId=\"2\" data-type=\"fw-text\" data-required=\"true\">\n\t\t\t<div class=\"fw-input-container\">\n\t\t\t\t<label for=\"msf-text-pr\u00c9nom\"><span class=\"msf-h3\">PR\u00c9NOM<\/span><\/label>\n\t\t\t\t<input \n\t\t\t\t\ttype=\"text\" \n\t\t\t\t\tclass=\"fw-text-input\" \n\t\t\t\t\tid=\"msf-text-pr\u00c9nom\"\n\t\t\t\t\tdata-id=\"text\">\n\t\t\t\t<span class=\"fa fa-pencil form-control-feedback\" aria-hidden=\"true\"><\/span>\n\t\t\t<\/div>\n\t\t\t<div class=\"fw-clearfix\"><\/div>\n\t\t<\/div>\n\t\t\t\t\t\t\t\t\t\t\t<div class=\"fw-step-block\" data-blockId=\"2\" data-type=\"fw-text\" data-required=\"true\">\n\t\t\t<div class=\"fw-input-container\">\n\t\t\t\t<label for=\"msf-text-nom\"><span class=\"msf-h3\">NOM<\/span><\/label>\n\t\t\t\t<input \n\t\t\t\t\ttype=\"text\" \n\t\t\t\t\tclass=\"fw-text-input\" \n\t\t\t\t\tid=\"msf-text-nom\"\n\t\t\t\t\tdata-id=\"text\">\n\t\t\t\t<span class=\"fa fa-pencil form-control-feedback\" aria-hidden=\"true\"><\/span>\n\t\t\t<\/div>\n\t\t\t<div class=\"fw-clearfix\"><\/div>\n\t\t<\/div>\n\t\t\t\t\t\t\t\t\t\t\t<div class=\"fw-step-block\" data-blockId=\"2\" data-type=\"fw-text\" data-required=\"true\">\n\t\t\t<div class=\"fw-input-container\">\n\t\t\t\t<label for=\"msf-text-t\u00c9l\u00c9phone\"><span class=\"msf-h3\">T\u00c9L\u00c9PHONE<\/span><\/label>\n\t\t\t\t<input \n\t\t\t\t\ttype=\"text\" \n\t\t\t\t\tclass=\"fw-text-input\" \n\t\t\t\t\tid=\"msf-text-t\u00c9l\u00c9phone\"\n\t\t\t\t\tdata-id=\"text\">\n\t\t\t\t<span class=\"fa fa-pencil form-control-feedback\" aria-hidden=\"true\"><\/span>\n\t\t\t<\/div>\n\t\t\t<div class=\"fw-clearfix\"><\/div>\n\t\t<\/div>\n\t\t\t\t\t\t\t\t\t\t\t<div class=\"fw-step-block\" data-blockId=\"2\" data-type=\"fw-email\" data-required=\"true\">\n\t\t\t<div class=\"fw-input-container\">\n\t\t\t\t<label for=\"msf-mail-courriel\"><span class=\"msf-h3\">COURRIEL<\/span><\/label>\n\t\t\t\t<input type=\"text\" id=\"msf-mail-courriel\"  class=\"fw-text-input one\" data-id=\"email\">\n\t\t\t\t<span class=\"fa fa-envelope form-control-feedback\" aria-hidden=\"true\"><\/span>\n\t\t\t<\/div>\n\t\t\t\t\t\t<div class=\"fw-clearfix\"><\/div>\n\t\t<\/div>\n\t  \t\t\t\t<\/div>\n<\/div>\n\t\t\t                        <div class=\"fw-summary-container\">\n                            <button type=\"button\" class=\"fw-toggle-summary\">AFFICHER LE R\u00c9SUM\u00c9<\/button>\n                            <div id=\"wizard-summary\" class=\"fw-wizard-summary\" style=\"display:none;\" data-showsummary=\"on\">\n                            <div class=\"fw-summary-alert\">Certains champs obligatoires sont vides<br>Veuillez v\u00e9rifier les champs surlign\u00e9s.<\/div>\n                            <\/div>\n                        <\/div>\n                                            <button type=\"button\" class=\"fw-btn-submit\">Envoyer<\/button>\n                                <div class=\"fw-clearfix\"><\/div>\n            <\/div>\n                    <\/div>\n    <\/div>\n        <div class=\"fw-wizard-button-container\">\n        <div class=\"fw-container\">\n            <div class=\"fw-wizard-buttons\">\n                <button class=\"fw-button-previous\"><i class=\"fa fa-arrow-circle-left\" aria-hidden=\"true\"><\/i> &nbsp;\u00c9tape pr\u00e9c\u00e9dente<\/button>\n                <button class=\"fw-button-next\">\u00c9tape suivante &nbsp;<i class=\"fa fa-arrow-circle-right\" aria-hidden=\"true\"><\/i><\/button>\n            <\/div>\n        <\/div>\n    <\/div>\n        <div class=\"fw-alert-user\" style=\"display:none;\"><\/div>\n<\/div>\n\n","protected":false},"excerpt":{"rendered":"","protected":false},"author":5,"featured_media":0,"parent":0,"menu_order":0,"comment_status":"closed","ping_status":"closed","template":"template-alerts.php","meta":{"_acf_changed":false,"inline_featured_image":false,"footnotes":""},"class_list":["post-430","page","type-page","status-publish","hentry"],"acf":[],"yoast_head":"<!-- This site is optimized with the Yoast SEO plugin v26.2 - https:\/\/yoast.com\/wordpress\/plugins\/seo\/ -->\n<title>Alertes immobili\u00e8res - Zsolt Fischer - BHHS<\/title>\n<meta name=\"robots\" content=\"index, follow, max-snippet:-1, max-image-preview:large, max-video-preview:-1\" \/>\n<link rel=\"canonical\" href=\"https:\/\/zsoltfischer.com\/real-estate-alerts\/\" \/>\n<meta property=\"og:locale\" content=\"fr_FR\" \/>\n<meta property=\"og:type\" content=\"article\" \/>\n<meta property=\"og:title\" content=\"Alertes immobili\u00e8res - Zsolt Fischer - BHHS\" \/>\n<meta property=\"og:url\" content=\"https:\/\/zsoltfischer.com\/real-estate-alerts\/\" \/>\n<meta property=\"og:site_name\" content=\"Zsolt Fischer\" \/>\n<meta property=\"article:publisher\" content=\"https:\/\/www.facebook.com\/zsoltfischerrealestate\/\" \/>\n<meta property=\"article:modified_time\" content=\"2024-04-15T14:31:55+00:00\" \/>\n<meta property=\"og:image\" content=\"https:\/\/zsoltfischer.com\/wp-content\/uploads\/2024\/06\/fischer-yoast.jpg\" \/>\n\t<meta property=\"og:image:width\" content=\"1888\" \/>\n\t<meta property=\"og:image:height\" content=\"939\" \/>\n\t<meta property=\"og:image:type\" content=\"image\/jpeg\" \/>\n<meta name=\"twitter:card\" content=\"summary_large_image\" \/>\n<script type=\"application\/ld+json\" class=\"yoast-schema-graph\">{\"@context\":\"https:\/\/schema.org\",\"@graph\":[{\"@type\":\"WebPage\",\"@id\":\"https:\/\/zsoltfischer.com\/real-estate-alerts\/\",\"url\":\"https:\/\/zsoltfischer.com\/real-estate-alerts\/\",\"name\":\"Alertes immobili\u00e8res - Zsolt Fischer - BHHS\",\"isPartOf\":{\"@id\":\"https:\/\/zsoltfischer.com\/#website\"},\"datePublished\":\"2024-03-26T04:30:45+00:00\",\"dateModified\":\"2024-04-15T14:31:55+00:00\",\"breadcrumb\":{\"@id\":\"https:\/\/zsoltfischer.com\/real-estate-alerts\/#breadcrumb\"},\"inLanguage\":\"fr-FR\",\"potentialAction\":[{\"@type\":\"ReadAction\",\"target\":[\"https:\/\/zsoltfischer.com\/real-estate-alerts\/\"]}]},{\"@type\":\"BreadcrumbList\",\"@id\":\"https:\/\/zsoltfischer.com\/real-estate-alerts\/#breadcrumb\",\"itemListElement\":[{\"@type\":\"ListItem\",\"position\":1,\"name\":\"Home\",\"item\":\"https:\/\/zsoltfischer.com\/fr\/\"},{\"@type\":\"ListItem\",\"position\":2,\"name\":\"Alertes immobili\u00e8res\"}]},{\"@type\":\"WebSite\",\"@id\":\"https:\/\/zsoltfischer.com\/#website\",\"url\":\"https:\/\/zsoltfischer.com\/\",\"name\":\"Le Groupe Fischer Immobilier | ZsoltFischer.com \u2013 Courtier R\u00e9sidentiel & Commercial \u2013 Montreal Residential and Commercial Real Estate Broker\",\"description\":\"BHHS\",\"publisher\":{\"@id\":\"https:\/\/zsoltfischer.com\/#organization\"},\"potentialAction\":[{\"@type\":\"SearchAction\",\"target\":{\"@type\":\"EntryPoint\",\"urlTemplate\":\"https:\/\/zsoltfischer.com\/?s={search_term_string}\"},\"query-input\":{\"@type\":\"PropertyValueSpecification\",\"valueRequired\":true,\"valueName\":\"search_term_string\"}}],\"inLanguage\":\"fr-FR\"},{\"@type\":\"Organization\",\"@id\":\"https:\/\/zsoltfischer.com\/#organization\",\"name\":\"Zsolt Fischer | Real Estate Broker Montr\u00e9al \u2013 Le Groupe Fischer Immobilier\",\"url\":\"https:\/\/zsoltfischer.com\/\",\"logo\":{\"@type\":\"ImageObject\",\"inLanguage\":\"fr-FR\",\"@id\":\"https:\/\/zsoltfischer.com\/#\/schema\/logo\/image\/\",\"url\":\"https:\/\/zsoltfischer.com\/wp-content\/uploads\/2024\/03\/logo.png\",\"contentUrl\":\"https:\/\/zsoltfischer.com\/wp-content\/uploads\/2024\/03\/logo.png\",\"width\":490,\"height\":502,\"caption\":\"Zsolt Fischer | Real Estate Broker Montr\u00e9al \u2013 Le Groupe Fischer Immobilier\"},\"image\":{\"@id\":\"https:\/\/zsoltfischer.com\/#\/schema\/logo\/image\/\"},\"sameAs\":[\"https:\/\/www.facebook.com\/zsoltfischerrealestate\/\",\"https:\/\/www.instagram.com\/zf_real_estate\/\",\"https:\/\/www.linkedin.com\/in\/montrealrealestatebroker\/\"]}]}<\/script>\n<!-- \/ Yoast SEO plugin. -->","yoast_head_json":{"title":"Alertes immobili\u00e8res - Zsolt Fischer - BHHS","robots":{"index":"index","follow":"follow","max-snippet":"max-snippet:-1","max-image-preview":"max-image-preview:large","max-video-preview":"max-video-preview:-1"},"canonical":"https:\/\/zsoltfischer.com\/real-estate-alerts\/","og_locale":"fr_FR","og_type":"article","og_title":"Alertes immobili\u00e8res - Zsolt Fischer - BHHS","og_url":"https:\/\/zsoltfischer.com\/real-estate-alerts\/","og_site_name":"Zsolt Fischer","article_publisher":"https:\/\/www.facebook.com\/zsoltfischerrealestate\/","article_modified_time":"2024-04-15T14:31:55+00:00","og_image":[{"width":1888,"height":939,"url":"https:\/\/zsoltfischer.com\/wp-content\/uploads\/2024\/06\/fischer-yoast.jpg","type":"image\/jpeg"}],"twitter_card":"summary_large_image","schema":{"@context":"https:\/\/schema.org","@graph":[{"@type":"WebPage","@id":"https:\/\/zsoltfischer.com\/real-estate-alerts\/","url":"https:\/\/zsoltfischer.com\/real-estate-alerts\/","name":"Alertes immobili\u00e8res - Zsolt Fischer - BHHS","isPartOf":{"@id":"https:\/\/zsoltfischer.com\/#website"},"datePublished":"2024-03-26T04:30:45+00:00","dateModified":"2024-04-15T14:31:55+00:00","breadcrumb":{"@id":"https:\/\/zsoltfischer.com\/real-estate-alerts\/#breadcrumb"},"inLanguage":"fr-FR","potentialAction":[{"@type":"ReadAction","target":["https:\/\/zsoltfischer.com\/real-estate-alerts\/"]}]},{"@type":"BreadcrumbList","@id":"https:\/\/zsoltfischer.com\/real-estate-alerts\/#breadcrumb","itemListElement":[{"@type":"ListItem","position":1,"name":"Home","item":"https:\/\/zsoltfischer.com\/fr\/"},{"@type":"ListItem","position":2,"name":"Alertes immobili\u00e8res"}]},{"@type":"WebSite","@id":"https:\/\/zsoltfischer.com\/#website","url":"https:\/\/zsoltfischer.com\/","name":"Le Groupe Fischer Immobilier | ZsoltFischer.com \u2013 Courtier R\u00e9sidentiel & Commercial \u2013 Montreal Residential and Commercial Real Estate Broker","description":"BHHS","publisher":{"@id":"https:\/\/zsoltfischer.com\/#organization"},"potentialAction":[{"@type":"SearchAction","target":{"@type":"EntryPoint","urlTemplate":"https:\/\/zsoltfischer.com\/?s={search_term_string}"},"query-input":{"@type":"PropertyValueSpecification","valueRequired":true,"valueName":"search_term_string"}}],"inLanguage":"fr-FR"},{"@type":"Organization","@id":"https:\/\/zsoltfischer.com\/#organization","name":"Zsolt Fischer | Real Estate Broker Montr\u00e9al \u2013 Le Groupe Fischer Immobilier","url":"https:\/\/zsoltfischer.com\/","logo":{"@type":"ImageObject","inLanguage":"fr-FR","@id":"https:\/\/zsoltfischer.com\/#\/schema\/logo\/image\/","url":"https:\/\/zsoltfischer.com\/wp-content\/uploads\/2024\/03\/logo.png","contentUrl":"https:\/\/zsoltfischer.com\/wp-content\/uploads\/2024\/03\/logo.png","width":490,"height":502,"caption":"Zsolt Fischer | Real Estate Broker Montr\u00e9al \u2013 Le Groupe Fischer Immobilier"},"image":{"@id":"https:\/\/zsoltfischer.com\/#\/schema\/logo\/image\/"},"sameAs":["https:\/\/www.facebook.com\/zsoltfischerrealestate\/","https:\/\/www.instagram.com\/zf_real_estate\/","https:\/\/www.linkedin.com\/in\/montrealrealestatebroker\/"]}]}},"_links":{"self":[{"href":"https:\/\/zsoltfischer.com\/fr\/wp-json\/wp\/v2\/pages\/430","targetHints":{"allow":["GET"]}}],"collection":[{"href":"https:\/\/zsoltfischer.com\/fr\/wp-json\/wp\/v2\/pages"}],"about":[{"href":"https:\/\/zsoltfischer.com\/fr\/wp-json\/wp\/v2\/types\/page"}],"author":[{"embeddable":true,"href":"https:\/\/zsoltfischer.com\/fr\/wp-json\/wp\/v2\/users\/5"}],"replies":[{"embeddable":true,"href":"https:\/\/zsoltfischer.com\/fr\/wp-json\/wp\/v2\/comments?post=430"}],"version-history":[{"count":1,"href":"https:\/\/zsoltfischer.com\/fr\/wp-json\/wp\/v2\/pages\/430\/revisions"}],"predecessor-version":[{"id":431,"href":"https:\/\/zsoltfischer.com\/fr\/wp-json\/wp\/v2\/pages\/430\/revisions\/431"}],"wp:attachment":[{"href":"https:\/\/zsoltfischer.com\/fr\/wp-json\/wp\/v2\/media?parent=430"}],"curies":[{"name":"wp","href":"https:\/\/api.w.org\/{rel}","templated":true}]}}